{"id":3254,"date":"2023-11-05T16:54:01","date_gmt":"2023-11-05T16:54:01","guid":{"rendered":"https:\/\/cotto-rustic.at\/legal-notice\/"},"modified":"2026-04-26T14:58:15","modified_gmt":"2026-04-26T14:58:15","slug":"legal-notice","status":"publish","type":"page","link":"https:\/\/cotto-rustic.at\/en\/legal-notice\/","title":{"rendered":"Legal Notice"},"content":{"rendered":"\t\t<div data-elementor-type=\"wp-page\" data-elementor-id=\"3254\" class=\"elementor elementor-3254 elementor-34\" data-elementor-post-type=\"page\">\n\t\t\t\t<div class=\"elementor-element elementor-element-03646e1 e-flex e-con-boxed e-con e-parent\" data-id=\"03646e1\" data-element_type=\"container\" data-e-type=\"container\" data-settings=\"{&quot;background_background&quot;:&quot;classic&quot;}\">\n\t\t\t\t\t<div class=\"e-con-inner\">\n\t\t\t\t<div class=\"elementor-element elementor-element-7f141d8 elementor-widget elementor-widget-theme-site-logo elementor-widget-image\" data-id=\"7f141d8\" data-element_type=\"widget\" data-e-type=\"widget\" data-widget_type=\"theme-site-logo.default\">\n\t\t\t\t\t\t\t\t\t\t\t<a href=\"https:\/\/cotto-rustic.at\/en\/\">\n\t\t\t<img decoding=\"async\" width=\"107\" height=\"28\" src=\"https:\/\/cotto-rustic.at\/wp-content\/uploads\/2023\/11\/cotto-rustic-dunkel-logo.svg\" class=\"attachment-full size-full wp-image-3776\" alt=\"Cotto Rustic logo\" title=\"\">\t\t\t\t<\/a>\n\t\t\t\t\t\t\t\t\t\t\t<\/div>\n\t\t\t\t<div class=\"elementor-element elementor-element-be6aa71 elementor-widget elementor-widget-text-editor\" data-id=\"be6aa71\" data-element_type=\"widget\" data-e-type=\"widget\" data-widget_type=\"text-editor.default\">\n\t\t\t\t\t\t\t\t\t<p><strong>Cotto Rustic<\/strong><\/p><p><span style=\"text-decoration: underline;\">ParTrade Handels OG<\/span><\/p><p><strong>Nikola Anti\u0107, Graduate Economist in International Business  <\/strong> Co-Founder &amp; CEO<br><strong>Milo\u0161 Markovi\u0107 \u2013 Engineer <\/strong> Co-Founder &amp; CEO<\/p><p><a href=\"https:\/\/www.google.com\/maps\/place\/Cotto+Rustic+-+Handgemachte+Terracotta+Fliesen\/@48.5939326,15.8604768,17z\/data=!4m6!3m5!1s0x476d5ff6cc7a1c5b:0x8b290e8c75406fb0!8m2!3d48.594459!4d15.8601091!16s%2Fg%2F11ld04pfl5?hl=de&amp;entry=ttu\" target=\"_blank\" rel=\"noopener\">Gartengasse 14, A \u2013 3721 Limberg, Maissau<\/a><\/p><p><strong>VAT ID<\/strong> <strong>Number<\/strong>: ATU80047557<\/p><p><strong>Company Register Number: <\/strong>FN 615284 f<\/p><p><strong>Company Register Court<\/strong>: Regional Court of Korneuburg<\/p><p><a href=\"tel:+4368181111005\">+43 681\/8-1111-005<\/a><\/p><p>info@cotto-rustic.at<\/p><p>cotto-rustic.at<\/p>\t\t\t\t\t\t\t\t<\/div>\n\t\t\t\t\t<\/div>\n\t\t\t\t<\/div>\n\t\t\t\t<\/div>\n\t\t","protected":false},"excerpt":{"rendered":"<p>Cotto Rustic ParTrade Handels OG Nikola Anti\u0107, Graduate Economist in International Business Co-Founder &amp; CEOMilo\u0161 Markovi\u0107 \u2013 Engineer Co-Founder &amp; CEO Gartengasse 14, A \u2013 3721 Limberg, Maissau VAT ID Number: ATU80047557 Company Register Number: FN 615284 f Company Register Court: Regional Court of Korneuburg +43 681\/8-1111-005 info@cotto-rustic.at cotto-rustic.at<\/p>\n","protected":false},"author":1,"featured_media":0,"parent":0,"menu_order":0,"comment_status":"closed","ping_status":"closed","template":"","meta":{"footnotes":""},"class_list":["post-3254","page","type-page","status-publish","hentry"],"_links":{"self":[{"href":"https:\/\/cotto-rustic.at\/en\/wp-json\/wp\/v2\/pages\/3254","targetHints":{"allow":["GET"]}}],"collection":[{"href":"https:\/\/cotto-rustic.at\/en\/wp-json\/wp\/v2\/pages"}],"about":[{"href":"https:\/\/cotto-rustic.at\/en\/wp-json\/wp\/v2\/types\/page"}],"author":[{"embeddable":true,"href":"https:\/\/cotto-rustic.at\/en\/wp-json\/wp\/v2\/users\/1"}],"replies":[{"embeddable":true,"href":"https:\/\/cotto-rustic.at\/en\/wp-json\/wp\/v2\/comments?post=3254"}],"version-history":[{"count":3,"href":"https:\/\/cotto-rustic.at\/en\/wp-json\/wp\/v2\/pages\/3254\/revisions"}],"predecessor-version":[{"id":5889,"href":"https:\/\/cotto-rustic.at\/en\/wp-json\/wp\/v2\/pages\/3254\/revisions\/5889"}],"wp:attachment":[{"href":"https:\/\/cotto-rustic.at\/en\/wp-json\/wp\/v2\/media?parent=3254"}],"curies":[{"name":"wp","href":"https:\/\/api.w.org\/{rel}","templated":true}]}}